{"id":57398,"date":"2022-11-02T13:14:05","date_gmt":"2022-11-02T12:14:05","guid":{"rendered":"https:\/\/bognaburska.pl\/?page_id=57398"},"modified":"2024-11-27T11:46:20","modified_gmt":"2024-11-27T10:46:20","slug":"teksty","status":"publish","type":"page","link":"https:\/\/bognaburska.pl\/en\/teksty\/","title":{"rendered":"Texts"},"content":{"rendered":"<div class=\"wpb-content-wrapper\"><div class=\"vc_row wpb_row vc_row-fluid\"><div class=\"wpb_column vc_column_container vc_col-sm-6\"><div class=\"vc_column-inner\"><div class=\"wpb_wrapper\">\n\t<div class=\"wpb_text_column wpb_content_element\" >\n\t\t<div class=\"wpb_wrapper\">\n\t\t\t<h3>Texts<\/h3>\n\n\t\t<\/div>\n\t<\/div>\n<div class=\"vc_empty_space\"   style=\"height: 20px\"><span class=\"vc_empty_space_inner\"><\/span><\/div><div class=\"vc_separator wpb_content_element vc_separator_align_center vc_sep_width_100 vc_sep_pos_align_center vc_separator_no_text vc_sep_color_grey wpb_content_element  wpb_content_element\" ><span class=\"vc_sep_holder vc_sep_holder_l\"><span class=\"vc_sep_line\"><\/span><\/span><span class=\"vc_sep_holder vc_sep_holder_r\"><span class=\"vc_sep_line\"><\/span><\/span>\n<\/div><\/div><\/div><\/div><div class=\"wpb_column vc_column_container vc_col-sm-6\"><div class=\"vc_column-inner\"><div class=\"wpb_wrapper\"><\/div><\/div><\/div><\/div><div class=\"vc_row wpb_row vc_row-fluid\"><div class=\"wpb_column vc_column_container vc_col-sm-6\"><div class=\"vc_column-inner\"><div class=\"wpb_wrapper\"><div class=\"vc_empty_space\"   style=\"height: 20px\"><span class=\"vc_empty_space_inner\"><\/span><\/div>\n\t<div class=\"wpb_text_column wpb_content_element\" >\n\t\t<div class=\"wpb_wrapper\">\n\t\t\t<h3>Katalogi indywidualne:<\/h3>\n<p>&nbsp;<\/p>\n<p><em>Krew i cukier. Prace 2000-2021<\/em><br \/>\nwyd.: Gda\u0144ska Galeria Miejska, Trafostacja Sztuki w Szczecinie, Akademia Sztuk Pi\u0119knych w Gda\u0144sku 2021 :<\/p>\n<p>&#8211; <em>Krew i cukier<\/em>\u00a0 Stanis\u0142aw Ruksza &#8211;\u00a0<strong><a href=\"http:\/\/bognaburska.pl\/wp-content\/uploads\/2024\/11\/tekst-Stacha.pdf\">czytaj &gt;&gt;<\/a><\/strong><\/p>\n<p>&#8211; <em>Deathsong<\/em>\u00a0 Anda Rottenberg &#8211; <strong><a href=\"http:\/\/bognaburska.pl\/wp-content\/uploads\/2024\/11\/tekst-Andy.pdf\">czytaj &gt;&gt;<\/a><\/strong><\/p>\n<p>&#8211; <em>Akty dzia\u0142ania<\/em>\u00a0 Joanna Krakowska &#8211;<strong> <a href=\"http:\/\/bognaburska.pl\/wp-content\/uploads\/2024\/11\/tekst-Joanny.pdf\">czytaj &gt;&gt;<\/a><\/strong><\/p>\n<p>&#8211; <em>Dziwaczne praktykowanie wszystkich niedoskona\u0142o\u015bci \u015bwiata. Tragigroteski Bogny Burskiej\u00a0<\/em> Wiktoria Kozio\u0142 &#8211; <a href=\"http:\/\/bognaburska.pl\/wp-content\/uploads\/2024\/11\/tekst-Wiktorii.pdf\"><strong>czytaj<\/strong> &gt;&gt;<\/a><\/p>\n<p>&#8211; <em>Przewietrzy\u0107 Grunwald<\/em>\u00a0 Pawe\u0142 Mo\u015bcicki &#8211; <strong><a href=\"http:\/\/bognaburska.pl\/wp-content\/uploads\/2024\/11\/tekst-Pawla.pdf\">czytaj &gt;&gt;<\/a><\/strong><\/p>\n<p>&nbsp;<\/p>\n<p>___<\/p>\n<p>&nbsp;<\/p>\n<p><em>Filmy. Bogna Burska<\/em><br \/>\nred. Aleksandra Grzonkowska, wyd.: Instytut Sztuki Wyspa, Galeria Sztuki Wsp\u00f3\u0142czesnej Bunkier Sztuki, BWA Zielona G\u00f3ra, Akademia Sztuk Pi\u0119knych w Gda\u0144sku 2014 :<\/p>\n<p>&#8211; <em>Burska. Notatki do subiektywnego kodu interpretacyjnego<\/em>\u00a0 Aneta Szy\u0142ak &#8211; <strong><a href=\"http:\/\/bognaburska.pl\/wp-content\/uploads\/2024\/11\/Burska-notatki-do-subiektywnego-kodu-interpretacyjnego.pdf\" target=\"_blank\" rel=\"noopener\">czytaj &gt;&gt;<\/a><\/strong><\/p>\n<p>&#8211; <em>Krytyczne Deja Vu &#8211; o filmach Bogny Burskiej<\/em>\u00a0 Kuba Mikurda &#8211; <strong><a href=\"http:\/\/bognaburska.pl\/wp-content\/uploads\/2024\/11\/Krytyczne-deja-vu.pdf\" target=\"_blank\" rel=\"noopener\">czytaj &gt;&gt;<\/a><\/strong><\/p>\n<p>&#8211; <em>Gry z przemieszczaj\u0105cymi si\u0119 kadrami\u00a0<\/em> Ma\u0142gorzata Radkiewicz &#8211; <strong><a href=\"http:\/\/bognaburska.pl\/wp-content\/uploads\/2024\/11\/Gry-z-przemieszczajacymi-sie-kadrami.pdf\" target=\"_blank\" rel=\"noopener\">czytaj &gt;&gt;<\/a><\/strong><\/p>\n<p>&#8211; <em>Tre\u015b\u0107 jako element formalny. O Kawa\u0142ku Jadeitu Bogny Burskiej<\/em>\u00a0 \u0141ukasz Ronduda &#8211; <strong><a href=\"http:\/\/bognaburska.pl\/wp-content\/uploads\/2024\/11\/Tresc-jako-element-formalny.-O-Kawalku-Jadeitu-Bogny-Burskiej.pdf\" target=\"_blank\" rel=\"noopener\">czytaj &gt;&gt;<\/a><\/strong><\/p>\n<p>&#8211; <em>Przesz\u0142o\u015b\u0107 jako miejsce fantazji. O przedstawieniach historycznych na marginesie film\u00f3w found footage Bogny Burskiej\u00a0<\/em> Stanis\u0142aw Ruksza &#8211; <strong><a href=\"http:\/\/bognaburska.pl\/wp-content\/uploads\/2024\/11\/Przeszlosc-jako-miejsce-fantazji.pdf\" target=\"_blank\" rel=\"noopener\">czytaj &gt;&gt;<\/a><\/strong><\/p>\n<p>&nbsp;<\/p>\n<p>___<\/p>\n<p>&nbsp;<\/p>\n<p><em>Opady. Bogna Burska<\/em><br \/>\nwyd.: Bytomskie Centrum Kultury 2006 :<\/p>\n<p>&#8211; <em>Krwawa rosa i inne proroctwa. O sztuce Bogny Burskiej\u00a0<\/em> Sebastian Cichocki &#8211; <strong><a href=\"http:\/\/bognaburska.pl\/wp-content\/uploads\/2024\/11\/Krwawa-rosa-i-inne-proroctwa-Sebastnian-Cichocki.pdf\">czytaj &gt;&gt;<\/a><\/strong><\/p>\n<p><em>&#8211; Refleksje o pi\u0119knie\u00a0<\/em> Pawe\u0142 Leszkowicz &#8211; <strong><a href=\"http:\/\/bognaburska.pl\/wp-content\/uploads\/2024\/11\/Refleksje-o-pieknie-P-Leszkowicz.pdf\">czytaj &gt;&gt;<\/a><\/strong><\/p>\n\n\t\t<\/div>\n\t<\/div>\n<div class=\"vc_empty_space\"   style=\"height: 25px\"><span class=\"vc_empty_space_inner\"><\/span><\/div><div class=\"vc_separator wpb_content_element vc_separator_align_center vc_sep_width_100 vc_sep_pos_align_center vc_separator_no_text vc_sep_color_grey wpb_content_element  wpb_content_element\" ><span class=\"vc_sep_holder vc_sep_holder_l\"><span class=\"vc_sep_line\"><\/span><\/span><span class=\"vc_sep_holder vc_sep_holder_r\"><span class=\"vc_sep_line\"><\/span><\/span>\n<\/div><div class=\"vc_empty_space\"   style=\"height: 25px\"><span class=\"vc_empty_space_inner\"><\/span><\/div>\n\t<div class=\"wpb_text_column wpb_content_element\" >\n\t\t<div class=\"wpb_wrapper\">\n\t\t\t<h3>Online:<\/h3>\n<p><em>Zasada naczy\u0144 po\u0142\u0105czonych<\/em> Anna Paj\u0119cka, Dwutygodnik 05\/2021<span style=\"font-weight: 400;\"><br \/>\n<\/span><a href=\"https:\/\/www.dwutygodnik.com\/artykul\/9521-zasada-naczyn-polaczonych.html\"><span style=\"font-weight: 400;\">https:\/\/www.dwutygodnik.com\/artykul\/9521-zasada-naczyn-polaczonych.html<\/span><\/a><\/p>\n<p><em>Troszk\u0119 sobie pospali\u015bmy. Rozmowa z Bogn\u0105 Bursk\u0105<\/em> Jakub Knera, Szum 05\/2021<span style=\"font-weight: 400;\"><br \/>\n<\/span><a href=\"https:\/\/magazynszum.pl\/troszke-sobie-pospalismy-rozmowa-z-bogna-burska\/\"><span style=\"font-weight: 400;\">https:\/\/magazynszum.pl\/troszke-sobie-pospalismy-rozmowa-z-bogna-burska\/<\/span><\/a><\/p>\n<p><em>Paszporty bia\u0142e, paszporty czerwone<\/em> Witold Mrozek, Dwutygodnik 02\/2018<br \/>\n<a href=\"https:\/\/www.dwutygodnik.com\/artykul\/7671-paszporty-biale-paszporty-czerwone.html\"><span style=\"font-weight: 400;\">https:\/\/www.dwutygodnik.com\/artykul\/7671-paszporty-biale-paszporty-czerwone.html<\/span><\/a><\/p>\n<p><em>G\u0142os w ciele<\/em>\u00a0 Piotr Morawski, Dwutygodnik 12\/2018<span style=\"font-weight: 400;\"><br \/>\n<\/span><a href=\"https:\/\/www.dwutygodnik.com\/artykul\/8129-glos-w-ciele.html\"><span style=\"font-weight: 400;\">https:\/\/www.dwutygodnik.com\/artykul\/8129-glos-w-ciele.html<\/span><\/a><\/p>\n<p><em>Polski teatr odkrywa j\u0119zyk migowy<\/em> Ewelina Godlewska-Byliniak, Dialog 03\/2019<span style=\"font-weight: 400;\"><br \/>\n<\/span><a href=\"https:\/\/www.dialog-pismo.pl\/w-numerach\/polski-teatr-odkrywa-jezyk-migowy\"><span style=\"font-weight: 400;\">https:\/\/www.dialog-pismo.pl\/w-numerach\/polski-teatr-odkrywa-jezyk-migowy<\/span><\/a><\/p>\n<p><em>The End of Violence <\/em>Bogna Burska, Magda Mosiewicz \u2013 s\u0142uchowisko, Instytut Teatralny 2017<span style=\"font-weight: 400;\"><br \/>\n<\/span><a href=\"https:\/\/encyklopediateatru.pl\/przedstawienie\/70391\/koniec-przemocy\"><span style=\"font-weight: 400;\">https:\/\/encyklopediateatru.pl\/przedstawienie\/70391\/koniec-przemocy<\/span><\/a><\/p>\n<p><em>The End of Violence <\/em>Bogna Burska, Magda Mosiewicz, Dialog 01\/2016<span style=\"font-weight: 400;\"><br \/>\n<\/span><a href=\"https:\/\/www.dialog-pismo.pl\/sites\/default\/files\/biblioteka\/koniec_przemocy.pdf\"><span style=\"font-weight: 400;\">https:\/\/www.dialog-pismo.pl\/sites\/default\/files\/biblioteka\/koniec_przemocy.pdf<\/span><\/a><\/p>\n<p><em>Secondary Archive<\/em> Bogna Burska<span style=\"font-weight: 400;\"><br \/>\n<\/span><a href=\"https:\/\/secondaryarchive.org\/artists\/bogna-burska\/\"><span style=\"font-weight: 400;\">https:\/\/secondaryarchive.org\/artists\/bogna-burska\/<\/span><\/a><\/p>\n\n\t\t<\/div>\n\t<\/div>\n<\/div><\/div><\/div><div class=\"wpb_column vc_column_container vc_col-sm-6\"><div class=\"vc_column-inner\"><div class=\"wpb_wrapper\"><div class=\"vc_row wpb_row vc_inner vc_row-fluid\"><div class=\"wpb_column vc_column_container vc_col-sm-6\"><div class=\"vc_column-inner\"><div class=\"wpb_wrapper\"><div class=\"vc_empty_space\"   style=\"height: 25px\"><span class=\"vc_empty_space_inner\"><\/span><\/div>\n\t<div  class=\"wpb_single_image wpb_content_element vc_align_left\">\n\t\t\n\t\t<figure class=\"wpb_wrapper vc_figure\">\n\t\t\t<a href=\"https:\/\/bognaburska.pl\/wp-content\/uploads\/2024\/11\/2-Krew-i-cukier-Prace-2020-2021-okladka-1.jpg\" target=\"_self\" data-large_image_width=\"1204\" data-large_image_height=\"1653\"  class=\"vc_single_image-wrapper   vc_box_border_grey layzr-bg dt-pswp-item\"   ><img decoding=\"async\" width=\"1204\" height=\"1653\" src=\"data:image\/svg+xml;charset=utf-8,%3Csvg xmlns%3D'http%3A%2F%2Fwww.w3.org%2F2000%2Fsvg' viewBox%3D'0 0 1204 1653'%2F%3E\" data-src=\"https:\/\/bognaburska.pl\/wp-content\/uploads\/2024\/11\/2-Krew-i-cukier-Prace-2020-2021-okladka-1.jpg\" class=\"lazy-load vc_single_image-img attachment-full\" alt=\"\" title=\"Krew i cukier, Prace 2020-2021, ok\u0142adka\" data-srcset=\"https:\/\/bognaburska.pl\/wp-content\/uploads\/2024\/11\/2-Krew-i-cukier-Prace-2020-2021-okladka-1.jpg 1204w, https:\/\/bognaburska.pl\/wp-content\/uploads\/2024\/11\/2-Krew-i-cukier-Prace-2020-2021-okladka-1-219x300.jpg 219w, https:\/\/bognaburska.pl\/wp-content\/uploads\/2024\/11\/2-Krew-i-cukier-Prace-2020-2021-okladka-1-746x1024.jpg 746w, https:\/\/bognaburska.pl\/wp-content\/uploads\/2024\/11\/2-Krew-i-cukier-Prace-2020-2021-okladka-1-768x1054.jpg 768w, https:\/\/bognaburska.pl\/wp-content\/uploads\/2024\/11\/2-Krew-i-cukier-Prace-2020-2021-okladka-1-1119x1536.jpg 1119w\" sizes=\"(max-width: 1204px) 100vw, 1204px\"  data-dt-location=\"https:\/\/bognaburska.pl\/en\/teksty\/2-krew-i-cukier-prace-2020-2021-okladka-2\/\" \/><\/a>\n\t\t<\/figure>\n\t<\/div>\n<div class=\"vc_empty_space\"   style=\"height: 15px\"><span class=\"vc_empty_space_inner\"><\/span><\/div>\n\t<div class=\"wpb_text_column wpb_content_element\" >\n\t\t<div class=\"wpb_wrapper\">\n\t\t\t<p>Katalog <em>Krew i cukier, Prace 2020-2021<\/em>, ok\u0142adka<\/p>\n\n\t\t<\/div>\n\t<\/div>\n<div class=\"vc_empty_space\"   style=\"height: 45px\"><span class=\"vc_empty_space_inner\"><\/span><\/div><div class=\"vc_empty_space\"   style=\"height: 25px\"><span class=\"vc_empty_space_inner\"><\/span><\/div>\n\t<div  class=\"wpb_single_image wpb_content_element vc_align_left  vc_custom_1732704377717\">\n\t\t\n\t\t<figure class=\"wpb_wrapper vc_figure\">\n\t\t\t<a href=\"https:\/\/bognaburska.pl\/wp-content\/uploads\/2024\/11\/IMG_1013-1-filmy-okladka-scaled.jpg\" target=\"_self\" data-large_image_width=\"1981\" data-large_image_height=\"2560\"  class=\"vc_single_image-wrapper   vc_box_border_grey layzr-bg dt-pswp-item\"   ><img decoding=\"async\" width=\"1981\" height=\"2560\" src=\"data:image\/svg+xml;charset=utf-8,%3Csvg xmlns%3D'http%3A%2F%2Fwww.w3.org%2F2000%2Fsvg' viewBox%3D'0 0 1981 2560'%2F%3E\" data-src=\"https:\/\/bognaburska.pl\/wp-content\/uploads\/2024\/11\/IMG_1013-1-filmy-okladka-scaled.jpg\" class=\"lazy-load vc_single_image-img attachment-full\" alt=\"\" title=\"IMG_1013 (1) filmy ok\u0142adka\" data-srcset=\"https:\/\/bognaburska.pl\/wp-content\/uploads\/2024\/11\/IMG_1013-1-filmy-okladka-scaled.jpg 1981w, https:\/\/bognaburska.pl\/wp-content\/uploads\/2024\/11\/IMG_1013-1-filmy-okladka-232x300.jpg 232w, https:\/\/bognaburska.pl\/wp-content\/uploads\/2024\/11\/IMG_1013-1-filmy-okladka-792x1024.jpg 792w, https:\/\/bognaburska.pl\/wp-content\/uploads\/2024\/11\/IMG_1013-1-filmy-okladka-768x993.jpg 768w, https:\/\/bognaburska.pl\/wp-content\/uploads\/2024\/11\/IMG_1013-1-filmy-okladka-1188x1536.jpg 1188w, https:\/\/bognaburska.pl\/wp-content\/uploads\/2024\/11\/IMG_1013-1-filmy-okladka-1584x2048.jpg 1584w\" sizes=\"(max-width: 1981px) 100vw, 1981px\"  data-dt-location=\"https:\/\/bognaburska.pl\/en\/teksty\/img_1013-1-filmy-okladka\/\" \/><\/a>\n\t\t<\/figure>\n\t<\/div>\n<div class=\"vc_empty_space\"   style=\"height: 25px\"><span class=\"vc_empty_space_inner\"><\/span><\/div>\n\t<div class=\"wpb_text_column wpb_content_element\" >\n\t\t<div class=\"wpb_wrapper\">\n\t\t\t<p>Katalog <em>Filmy. Bogna Burska<\/em>, ok\u0142adka<\/p>\n\n\t\t<\/div>\n\t<\/div>\n<div class=\"vc_empty_space\"   style=\"height: 35px\"><span class=\"vc_empty_space_inner\"><\/span><\/div><div class=\"vc_empty_space\"   style=\"height: 35px\"><span class=\"vc_empty_space_inner\"><\/span><\/div>\n\t<div  class=\"wpb_single_image wpb_content_element vc_align_left\">\n\t\t\n\t\t<figure class=\"wpb_wrapper vc_figure\">\n\t\t\t<a href=\"https:\/\/bognaburska.pl\/wp-content\/uploads\/2024\/11\/IMG_1012-1-opady-okladka-scaled.jpg\" target=\"_self\" data-large_image_width=\"1791\" data-large_image_height=\"2560\"  class=\"vc_single_image-wrapper   vc_box_border_grey layzr-bg dt-pswp-item\"   ><img decoding=\"async\" width=\"1791\" height=\"2560\" src=\"data:image\/svg+xml;charset=utf-8,%3Csvg xmlns%3D'http%3A%2F%2Fwww.w3.org%2F2000%2Fsvg' viewBox%3D'0 0 1791 2560'%2F%3E\" data-src=\"https:\/\/bognaburska.pl\/wp-content\/uploads\/2024\/11\/IMG_1012-1-opady-okladka-scaled.jpg\" class=\"lazy-load vc_single_image-img attachment-full\" alt=\"\" title=\"IMG_1012 (1) opady ok\u0142adka\" data-srcset=\"https:\/\/bognaburska.pl\/wp-content\/uploads\/2024\/11\/IMG_1012-1-opady-okladka-scaled.jpg 1791w, https:\/\/bognaburska.pl\/wp-content\/uploads\/2024\/11\/IMG_1012-1-opady-okladka-210x300.jpg 210w, https:\/\/bognaburska.pl\/wp-content\/uploads\/2024\/11\/IMG_1012-1-opady-okladka-716x1024.jpg 716w, https:\/\/bognaburska.pl\/wp-content\/uploads\/2024\/11\/IMG_1012-1-opady-okladka-768x1098.jpg 768w, https:\/\/bognaburska.pl\/wp-content\/uploads\/2024\/11\/IMG_1012-1-opady-okladka-1074x1536.jpg 1074w, https:\/\/bognaburska.pl\/wp-content\/uploads\/2024\/11\/IMG_1012-1-opady-okladka-1433x2048.jpg 1433w\" sizes=\"(max-width: 1791px) 100vw, 1791px\"  data-dt-location=\"https:\/\/bognaburska.pl\/en\/teksty\/img_1012-1-opady-okladka\/\" \/><\/a>\n\t\t<\/figure>\n\t<\/div>\n<div class=\"vc_empty_space\"   style=\"height: 15px\"><span class=\"vc_empty_space_inner\"><\/span><\/div>\n\t<div class=\"wpb_text_column wpb_content_element\" >\n\t\t<div class=\"wpb_wrapper\">\n\t\t\t<p>Katalog <em>Opady. Bogna Burska<\/em>, ok\u0142adka<\/p>\n\n\t\t<\/div>\n\t<\/div>\n<\/div><\/div><\/div><div class=\"wpb_column vc_column_container vc_col-sm-6\"><div class=\"vc_column-inner\"><div class=\"wpb_wrapper\"><\/div><\/div><\/div><\/div><\/div><\/div><\/div><\/div>\n<\/div>","protected":false},"excerpt":{"rendered":"<p>Teksty Katalogi indywidualne: &nbsp; Krew i cukier. Prace 2000-2021 wyd.: Gda\u0144ska Galeria Miejska, Trafostacja Sztuki w Szczecinie, Akademia Sztuk Pi\u0119knych w Gda\u0144sku 2021 : &#8211; Krew i cukier\u00a0 Stanis\u0142aw Ruksza &#8211;\u00a0czytaj &gt;&gt; &#8211; \u015amierciopie\u015b\u0144\u00a0 Anda Rottenberg &#8211; czytaj &gt;&gt; &#8211; Akty dzia\u0142ania\u00a0 Joanna Krakowska &#8211; czytaj &gt;&gt; &#8211; Dziwaczne praktykowanie wszystkich niedoskona\u0142o\u015bci \u015bwiata. Tragigroteski Bogny&hellip;<\/p>","protected":false},"author":1,"featured_media":0,"parent":0,"menu_order":0,"comment_status":"closed","ping_status":"closed","template":"","meta":{"_themeisle_gutenberg_block_has_review":false,"footnotes":""},"class_list":["post-57398","page","type-page","status-publish","hentry","description-off"],"_links":{"self":[{"href":"https:\/\/bognaburska.pl\/en\/wp-json\/wp\/v2\/pages\/57398","targetHints":{"allow":["GET"]}}],"collection":[{"href":"https:\/\/bognaburska.pl\/en\/wp-json\/wp\/v2\/pages"}],"about":[{"href":"https:\/\/bognaburska.pl\/en\/wp-json\/wp\/v2\/types\/page"}],"author":[{"embeddable":true,"href":"https:\/\/bognaburska.pl\/en\/wp-json\/wp\/v2\/users\/1"}],"replies":[{"embeddable":true,"href":"https:\/\/bognaburska.pl\/en\/wp-json\/wp\/v2\/comments?post=57398"}],"version-history":[{"count":34,"href":"https:\/\/bognaburska.pl\/en\/wp-json\/wp\/v2\/pages\/57398\/revisions"}],"predecessor-version":[{"id":58220,"href":"https:\/\/bognaburska.pl\/en\/wp-json\/wp\/v2\/pages\/57398\/revisions\/58220"}],"wp:attachment":[{"href":"https:\/\/bognaburska.pl\/en\/wp-json\/wp\/v2\/media?parent=57398"}],"curies":[{"name":"wp","href":"https:\/\/api.w.org\/{rel}","templated":true}]}}