{"id":57408,"date":"2022-11-02T13:21:02","date_gmt":"2022-11-02T12:21:02","guid":{"rendered":"https:\/\/bognaburska.pl\/?page_id=57408"},"modified":"2026-04-20T20:20:47","modified_gmt":"2026-04-20T18:20:47","slug":"bio","status":"publish","type":"page","link":"https:\/\/bognaburska.pl\/en\/bio\/","title":{"rendered":"Biography"},"content":{"rendered":"<div class=\"wpb-content-wrapper\"><div class=\"vc_row wpb_row vc_row-fluid vc_custom_1667412606563\"><div class=\"wpb_column vc_column_container vc_col-sm-12\"><div class=\"vc_column-inner\"><div class=\"wpb_wrapper\"><div class=\"vc_row wpb_row vc_inner vc_row-fluid\"><div class=\"wpb_column vc_column_container vc_col-sm-6\"><div class=\"vc_column-inner\"><div class=\"wpb_wrapper\">\n\t<div class=\"wpb_text_column wpb_content_element\" >\n\t\t<div class=\"wpb_wrapper\">\n\t\t\t<h3>Bogna Burska<\/h3>\n\n\t\t<\/div>\n\t<\/div>\n<\/div><\/div><\/div><\/div><div class=\"vc_empty_space\"   style=\"height: 25px\"><span class=\"vc_empty_space_inner\"><\/span><\/div><div class=\"vc_separator wpb_content_element vc_separator_align_center vc_sep_width_100 vc_sep_pos_align_center vc_separator_no_text vc_sep_color_grey wpb_content_element  wpb_content_element\" ><span class=\"vc_sep_holder vc_sep_holder_l\"><span class=\"vc_sep_line\"><\/span><\/span><span class=\"vc_sep_holder vc_sep_holder_r\"><span class=\"vc_sep_line\"><\/span><\/span>\n<\/div><\/div><\/div><\/div><\/div><div class=\"vc_row wpb_row vc_row-fluid\"><div class=\"wpb_column vc_column_container vc_col-sm-6\"><div class=\"vc_column-inner\"><div class=\"wpb_wrapper\"><div class=\"vc_empty_space\"   style=\"height: 25px\"><span class=\"vc_empty_space_inner\"><\/span><\/div>\n\t<div class=\"wpb_text_column wpb_content_element\" >\n\t\t<div class=\"wpb_wrapper\">\n\t\t\t<p>Visual artist \u2014 painter, photographer, author of installations, video works, found footage films, and dramatic texts, as well as a director. She is a professor and holds a postdoctoral degree at the Faculty of Artistic Research and Curatorial Studies at the Academy of Fine Arts in Warsaw. From 2006 to 2024, she worked in the Intermedia Department at the Academy of Fine Arts in Gda\u0144sk.<br \/>\nBlood is a recurring motif in her work: installations immersed in blood-red paint and red paintings. She juxtaposes beauty with what is commonly perceived as ugly, repellent, or rejected. Her practice is often described as a meeting point between critical art and aesthetic inquiry. For many years, she also worked with found footage, examining the mechanisms through which contemporary narratives are produced and represented. She later returned to painting, which took on a new, organic, and delicate form. She describes herself as dealing with the problem of constructing coherent images of reality. She is the author of <em>Nest<\/em>, <em>The End of  Violence.<\/em> (with Magda Mosiewicz), <em>Revolt of the Deaf<\/em>, Bunt G\u0142uchych, and other texts presented in art galleries and theatre spaces.<\/p>\n\n\t\t<\/div>\n\t<\/div>\n<div class=\"vc_empty_space\"   style=\"height: 25px\"><span class=\"vc_empty_space_inner\"><\/span><\/div><div class=\"vc_separator wpb_content_element vc_separator_align_center vc_sep_width_100 vc_sep_pos_align_center vc_separator_no_text vc_sep_color_grey wpb_content_element  wpb_content_element\" ><span class=\"vc_sep_holder vc_sep_holder_l\"><span class=\"vc_sep_line\"><\/span><\/span><span class=\"vc_sep_holder vc_sep_holder_r\"><span class=\"vc_sep_line\"><\/span><\/span>\n<\/div><div class=\"vc_empty_space\"   style=\"height: 25px\"><span class=\"vc_empty_space_inner\"><\/span><\/div>\n\t<div class=\"wpb_text_column wpb_content_element\" >\n\t\t<div class=\"wpb_wrapper\">\n\t\t\t<h3>Online:<\/h3>\n<p><strong><a href=\"https:\/\/www.instagram.com\/bogna_burska\/\" target=\"_blank\" rel=\"noopener\">Instagram<\/a><\/strong> \/ <strong><a href=\"https:\/\/secondaryarchive.org\/artists\/bogna-burska\/\" target=\"_blank\" rel=\"noopener\">Secondary Archive<\/a><\/strong><\/p>\n\n\t\t<\/div>\n\t<\/div>\n<div class=\"vc_empty_space\"   style=\"height: 25px\"><span class=\"vc_empty_space_inner\"><\/span><\/div><\/div><\/div><\/div><div class=\"wpb_column vc_column_container vc_col-sm-5\"><div class=\"vc_column-inner\"><div class=\"wpb_wrapper\"><div class=\"vc_empty_space\"   style=\"height: 25px\"><span class=\"vc_empty_space_inner\"><\/span><\/div>\n\t<div  class=\"wpb_single_image wpb_content_element vc_align_left\">\n\t\t\n\t\t<figure class=\"wpb_wrapper vc_figure\">\n\t\t\t<div class=\"vc_single_image-wrapper   vc_box_border_grey layzr-bg\"><img decoding=\"async\" width=\"1656\" height=\"1656\" src=\"data:image\/svg+xml;charset=utf-8,%3Csvg xmlns%3D'http%3A%2F%2Fwww.w3.org%2F2000%2Fsvg' viewBox%3D'0 0 1656 1656'%2F%3E\" data-src=\"https:\/\/bognaburska.pl\/wp-content\/uploads\/2022\/11\/242599309_10159583182600789_1972784481815288963_n.jpeg\" class=\"lazy-load vc_single_image-img attachment-full\" alt=\"\" title=\"Bogna Burska\" data-srcset=\"https:\/\/bognaburska.pl\/wp-content\/uploads\/2022\/11\/242599309_10159583182600789_1972784481815288963_n.jpeg 1656w, https:\/\/bognaburska.pl\/wp-content\/uploads\/2022\/11\/242599309_10159583182600789_1972784481815288963_n-300x300.jpeg 300w, https:\/\/bognaburska.pl\/wp-content\/uploads\/2022\/11\/242599309_10159583182600789_1972784481815288963_n-1024x1024.jpeg 1024w, https:\/\/bognaburska.pl\/wp-content\/uploads\/2022\/11\/242599309_10159583182600789_1972784481815288963_n-150x150.jpeg 150w, https:\/\/bognaburska.pl\/wp-content\/uploads\/2022\/11\/242599309_10159583182600789_1972784481815288963_n-768x768.jpeg 768w, https:\/\/bognaburska.pl\/wp-content\/uploads\/2022\/11\/242599309_10159583182600789_1972784481815288963_n-1536x1536.jpeg 1536w\" sizes=\"(max-width: 1656px) 100vw, 1656px\"  data-dt-location=\"https:\/\/bognaburska.pl\/en\/bio\/242599309_10159583182600789_1972784481815288963_n\/\" \/><\/div>\n\t\t<\/figure>\n\t<\/div>\n<\/div><\/div><\/div><\/div><div class=\"vc_row wpb_row vc_row-fluid\"><div class=\"wpb_column vc_column_container vc_col-sm-6\"><div class=\"vc_column-inner\"><div class=\"wpb_wrapper\"><div class=\"vc_separator wpb_content_element vc_separator_align_center vc_sep_width_100 vc_sep_pos_align_center vc_separator_no_text vc_sep_color_grey wpb_content_element  wpb_content_element\" ><span class=\"vc_sep_holder vc_sep_holder_l\"><span class=\"vc_sep_line\"><\/span><\/span><span class=\"vc_sep_holder vc_sep_holder_r\"><span class=\"vc_sep_line\"><\/span><\/span>\n<\/div><div class=\"vc_empty_space\"   style=\"height: 25px\"><span class=\"vc_empty_space_inner\"><\/span><\/div>\n\t<div class=\"wpb_text_column wpb_content_element\" >\n\t\t<div class=\"wpb_wrapper\">\n\t\t\t<h3>Works in collections:<\/h3>\n<p>\u2013 Zach\u0119ta National Art Gallery in Warsaw<br \/>\n\u2013 Regional Contemporary Art Centre in Szczecin<br \/>\n\u2013 Gallery Arsena\u0142 and the Podlaskie Society for the Encouragement of Fine Arts in Bia\u0142ystok<br \/>\n\u2013 Gallery of Contemporary Art Bunkier Sztuki in Krakow<br \/>\n\u2013 Gda\u0144sk Collection of Contemporary Art \/ NOMUS<br \/>\nNational Museum in Gda\u0144sk<br \/>\n\u2013 Collection of the Hotel Europejski in Warsaw<br \/>\n\u2013 \u0141\u00f3d\u017a Society for the Encouragement of Fine Arts<br \/>\n\u2013 Regional Museum of Leon Wycz\u00f3\u0142kowski in Bydgoszcz<br \/>\n\u2013 PKO BP Bank Collection<br \/>\n\u2013 Collections of the Centre for Contemporary Art \u0141a\u017ania in Gda\u0144sk<br \/>\nin private collections<\/p>\n\n\t\t<\/div>\n\t<\/div>\n<div class=\"vc_empty_space\"   style=\"height: 25px\"><span class=\"vc_empty_space_inner\"><\/span><\/div><div class=\"vc_separator wpb_content_element vc_separator_align_center vc_sep_width_100 vc_sep_pos_align_center vc_separator_no_text vc_sep_color_grey wpb_content_element  wpb_content_element\" ><span class=\"vc_sep_holder vc_sep_holder_l\"><span class=\"vc_sep_line\"><\/span><\/span><span class=\"vc_sep_holder vc_sep_holder_r\"><span class=\"vc_sep_line\"><\/span><\/span>\n<\/div><div class=\"vc_empty_space\"   style=\"height: 25px\"><span class=\"vc_empty_space_inner\"><\/span><\/div>\n\t<div class=\"wpb_text_column wpb_content_element\" >\n\t\t<div class=\"wpb_wrapper\">\n\t\t\t<h3>Selected awards and scholarships<\/h3>\n<p>2020 Splendor Gedanensis Award Finalist Nomination<\/p>\n<p>2017 Annual Creative Scholarship of the Minister of Culture and National Heritage<\/p>\n<p>2017 Finalist for the Gdynia Drama Award (with Magda Mosiewicz) for the play \"The End of Violence\"<\/p>\n<p>2016 Creative Scholarship of the City of Gda\u0144sk<\/p>\n<p>2013 Promoting Social Change through the Arts Program Department of State USA International Visitor Leadership Program (IVLP), USA<\/p>\n<p>2013 Creative Scholarship of the Minister of Culture and National Heritage<\/p>\n<p>2013 Marshal of the Pomeranian Voivodeship Scholarship<\/p>\n<p>2010 Art in Residence scholarship of the Foundation for Culture Pro Helvetia at F+F School for Art and Design, Zurich<\/p>\n<p>2009 Minister of Culture and National Heritage Scholarship Young Poland<\/p>\n<p>2009 Deutsche Bank Foundation Award Nomination: Outlooks<\/p>\n<p>2008 Annual Creative Scholarship of the Minister of Culture and National Heritage<\/p>\n<p>2008 Gda\u0144sk City Artistic Scholarship<\/p>\n<p>2007 Paszport Polityki Nomination for Visual Arts<\/p>\n<p>2004 Annual Artistic Scholarship of the Minister of Culture of the Republic of Poland<\/p>\n<p>2003 Grant from the Culture Foundation<\/p>\n\n\t\t<\/div>\n\t<\/div>\n<\/div><\/div><\/div><\/div>\n<\/div>","protected":false},"excerpt":{"rendered":"<p>Bogna Burska Artystka wizualna \u2013 malarka, fotografka, autorka instalacji, prac wideo, film\u00f3w found footage i tekst\u00f3w dramatycznych, re\u017cyserka. Profesora, doktora habilitowana na Wydziale Bada\u0144 Artystycznych i Studi\u00f3w Kuratorskich ASP w Warszawie, w latach 2006-2024 r. pracowa\u0142a na Kierunku Intermedia ASP w Gda\u0144sku. Cz\u0119sto pojawiaj\u0105cym si\u0119 motywem w jej pracach jest krew: zalane farb\u0105 w krwistym&hellip;<\/p>","protected":false},"author":1,"featured_media":0,"parent":0,"menu_order":0,"comment_status":"closed","ping_status":"closed","template":"","meta":{"_themeisle_gutenberg_block_has_review":false,"footnotes":""},"class_list":["post-57408","page","type-page","status-publish","hentry","description-off"],"_links":{"self":[{"href":"https:\/\/bognaburska.pl\/en\/wp-json\/wp\/v2\/pages\/57408","targetHints":{"allow":["GET"]}}],"collection":[{"href":"https:\/\/bognaburska.pl\/en\/wp-json\/wp\/v2\/pages"}],"about":[{"href":"https:\/\/bognaburska.pl\/en\/wp-json\/wp\/v2\/types\/page"}],"author":[{"embeddable":true,"href":"https:\/\/bognaburska.pl\/en\/wp-json\/wp\/v2\/users\/1"}],"replies":[{"embeddable":true,"href":"https:\/\/bognaburska.pl\/en\/wp-json\/wp\/v2\/comments?post=57408"}],"version-history":[{"count":29,"href":"https:\/\/bognaburska.pl\/en\/wp-json\/wp\/v2\/pages\/57408\/revisions"}],"predecessor-version":[{"id":58325,"href":"https:\/\/bognaburska.pl\/en\/wp-json\/wp\/v2\/pages\/57408\/revisions\/58325"}],"wp:attachment":[{"href":"https:\/\/bognaburska.pl\/en\/wp-json\/wp\/v2\/media?parent=57408"}],"curies":[{"name":"wp","href":"https:\/\/api.w.org\/{rel}","templated":true}]}}