{"id":57417,"date":"2022-11-02T13:27:50","date_gmt":"2022-11-02T12:27:50","guid":{"rendered":"https:\/\/bognaburska.pl\/?page_id=57417"},"modified":"2026-04-20T12:41:57","modified_gmt":"2026-04-20T10:41:57","slug":"wystawy","status":"publish","type":"page","link":"https:\/\/bognaburska.pl\/en\/wystawy\/","title":{"rendered":"Exhibitions"},"content":{"rendered":"<div class=\"wpb-content-wrapper\"><div class=\"vc_row wpb_row vc_row-fluid\"><div class=\"wpb_column vc_column_container vc_col-sm-6\"><div class=\"vc_column-inner\"><div class=\"wpb_wrapper\">\n\t<div class=\"wpb_text_column wpb_content_element\" >\n\t\t<div class=\"wpb_wrapper\">\n\t\t\t<h3>Exhibitions<\/h3>\n\n\t\t<\/div>\n\t<\/div>\n<div class=\"vc_empty_space\"   style=\"height: 20px\"><span class=\"vc_empty_space_inner\"><\/span><\/div><div class=\"vc_separator wpb_content_element vc_separator_align_center vc_sep_width_100 vc_sep_pos_align_center vc_separator_no_text vc_sep_color_grey wpb_content_element  wpb_content_element\" ><span class=\"vc_sep_holder vc_sep_holder_l\"><span class=\"vc_sep_line\"><\/span><\/span><span class=\"vc_sep_holder vc_sep_holder_r\"><span class=\"vc_sep_line\"><\/span><\/span>\n<\/div><\/div><\/div><\/div><div class=\"wpb_column vc_column_container vc_col-sm-6\"><div class=\"vc_column-inner\"><div class=\"wpb_wrapper\"><\/div><\/div><\/div><\/div><div class=\"vc_row wpb_row vc_row-fluid\"><div class=\"wpb_column vc_column_container vc_col-sm-6\"><div class=\"vc_column-inner\"><div class=\"wpb_wrapper\"><div class=\"vc_empty_space\"   style=\"height: 20px\"><span class=\"vc_empty_space_inner\"><\/span><\/div>\n\t<div class=\"wpb_text_column wpb_content_element\" >\n\t\t<div class=\"wpb_wrapper\">\n\t\t\t<h3>Selected solo exhibitions<\/h3>\n<p>2026 <em>Liquid Tongues<\/em> together with Daniel Kotowski, Polish Pavilion at the Venice Biennale<\/p>\n<p>2025 <em>Breathe<\/em> Center for Contemporary Art \"\u0141a\u017ania\", Gda\u0144sk<\/p>\n<p>2024 <em>Division<\/em> Polish Institute Gallery, D\u00fcsseldorf<\/p>\n<p>2022 <em>Watercolors<\/em>, Szara Gallery, Warsaw<\/p>\n<p>2020\/21 <em>Blood and Sugar. Works 2000-2021,<\/em> Art Transformer Station, Szczecin, Gda\u0144sk City Gallery<\/p>\n<p>2018 <em><em>Revolt of the Deaf<\/em><\/em> (performance and exhibition), Zach\u0119ta National Gallery of Art, Warsaw<\/p>\n<p>2014 J<em>Jeremy Irons and Dragons, <\/em>Bunkier Sztuki Contemporary Art Gallery, Krakow<\/p>\n<p>2013 <em>Clock for Podg\u00f3rze<\/em>, ArtBoom Festival (urban screening), Krakow<\/p>\n<p>2012 <em>Movies \u2013 Bogna Burska<\/em> White Gallery, Lublin<\/p>\n<p>2011 <em>Bogna Burska<\/em> \u2013 <em>Movies \/ Found Footage Movies 2004 \u2013 2011<\/em> Individual Film Review, Kino Lab, Centre for Contemporary Art Ujazdowski Castle, Warsaw<\/p>\n<p>2010 <em>Crystals<\/em> Gda\u0144sk Gallery of Photography<\/p>\n<p>2009 solo exhibition, Plat\u00e1n Gallery Budapest<\/p>\n<p>2008 <em>Mirrored Maze \u2013 Part Three<\/em>, Institute of Art Wyspa, Gda\u0144sk<\/p>\n<p>2008 <em>D\u00e9j\u00e0 Vu,<\/em> Mystetskyi Arsenal, Kyiv<\/p>\n<p>2008 <em>God is vain.,<\/em> BWA Zielona Gora<\/p>\n<p>2007 <em>Piece of Jade,<\/em> Galeria ON, Pozna\u0144<\/p>\n<p>2007 <em>Playing with Moving Mirrors \u2013 Part Two<\/em>, Contemporary Art Gallery Bunkier Sztuki, Krakow<\/p>\n<p>2007 <em>All similarities are purely coincidental.,<\/em> TransPhotographics<\/p>\n<p>2007, Lille<\/p>\n<p>2006 <em>Heart so white,<\/em>\u00a0PL Gallery, Rome<\/p>\n<p>2006 <em>Vazante,<\/em> Giedre Bartelt Gallery, Berlin<\/p>\n<p>2006 <em>Precipitation,<\/em> Chronicle, Bytom<\/p>\n<p>2006 <em>Margaret,<\/em> White Gallery, Lublin<\/p>\n<p>2005 <em>Interiors,<\/em> Arsenal Gallery, Bia\u0142ystok<\/p>\n<p>2005 <em>Winter is over,<\/em> Change and Partner Contemporary Art, Rome<\/p>\n<p>2004 <em>TV lounge,<\/em> Ma\u0142y Salon Zach\u0119ta National Art Gallery, Warsaw<\/p>\n<p>2003 <em>Life is beautiful - cont.,<\/em> Gray Gallery, Cieszyn<\/p>\n<p>2002 <em>Stained glass,<\/em> The Mariavite Church, Pogorzel<\/p>\n<p>2002 <em>Untitled,<\/em> White Gallery, Lublin<\/p>\n<p>2002 <em>Painting<\/em> (together with Andreas Eriksson), Polish Institute, Stockholm<\/p>\n\n\t\t<\/div>\n\t<\/div>\n<div class=\"vc_empty_space\"   style=\"height: 25px\"><span class=\"vc_empty_space_inner\"><\/span><\/div><div class=\"vc_separator wpb_content_element vc_separator_align_center vc_sep_width_100 vc_sep_pos_align_center vc_separator_no_text vc_sep_color_grey wpb_content_element  wpb_content_element\" ><span class=\"vc_sep_holder vc_sep_holder_l\"><span class=\"vc_sep_line\"><\/span><\/span><span class=\"vc_sep_holder vc_sep_holder_r\"><span class=\"vc_sep_line\"><\/span><\/span>\n<\/div><div class=\"vc_empty_space\"   style=\"height: 25px\"><span class=\"vc_empty_space_inner\"><\/span><\/div>\n\t<div class=\"wpb_text_column wpb_content_element\" >\n\t\t<div class=\"wpb_wrapper\">\n\t\t\t<h3>Performances, performative readings, audio plays, texts:<\/h3>\n<p>2025 <em>Revolt of the Deaf. Renewal.<\/em> Zach\u0119ta National Gallery of Art, Warsaw<\/p>\n<p>2018\/2019 <em><em>Revolt of the Deaf<\/em><\/em> \u2013 performance \u2013 Zach\u0119ta National Art Gallery in Warsaw<\/p>\n<p><em>The End of Violence<\/em> \u2013 (together with Magda Mosiewicz), publication \u2013 Dialog 2017\/1, performances \u2013 Confrontations Theatre Festival in Lublin 2017, Teatr na Pla\u017cy 2017, Museum of Modern Art Pavilion in Warsaw at the Opener Festival 2018, radio play \u2013 Theatre Institute and Polish Radio 2017<\/p>\n<p><em>Tisiphone and Alecto<\/em> \u2013 performance \u2013 POLIN Museum of the History of Polish Jews 2017<\/p>\n<p><em>Stool<\/em> \u2013 publication Dialog 2015\/7-8<\/p>\n<p><em>Pleasant and Useful<\/em> \u2013 perfodram \u2013 Beach Theatre in Sopot 2015\/16, BWA Zielona G\u00f3ra 2016, Szara Gallery in Warsaw 2022<\/p>\n<p><em>Nest<\/em> \u2013 CSW Kronika publication in Bytom 2013, Dialog 2013\/9, performative readings \u2013 Zach\u0119ta National Gallery of Art 2015 and 2018, Theatrical Institute in Warsaw 2015, CSW \u0141a\u017ania 1 in Gda\u0144sk 2016, Arsena\u0142 Gallery in Bia\u0142ystok 2017<\/p>\n\n\t\t<\/div>\n\t<\/div>\n<\/div><\/div><\/div><div class=\"wpb_column vc_column_container vc_col-sm-6\"><div class=\"vc_column-inner\"><div class=\"wpb_wrapper\"><div class=\"vc_empty_space\"   style=\"height: 25px\"><span class=\"vc_empty_space_inner\"><\/span><\/div>\n\t<div  class=\"wpb_single_image wpb_content_element vc_align_left\">\n\t\t\n\t\t<figure class=\"wpb_wrapper vc_figure\">\n\t\t\t<a href=\"https:\/\/bognaburska.pl\/wp-content\/uploads\/2024\/11\/Division-Galeria-Instytutu-Polskiego-w-Dusseldorfie-2024.jpg\" target=\"_self\" data-large_image_width=\"2000\" data-large_image_height=\"1334\"  class=\"vc_single_image-wrapper   vc_box_border_grey layzr-bg dt-pswp-item\"   ><img decoding=\"async\" width=\"2000\" height=\"1334\" src=\"data:image\/svg+xml;charset=utf-8,%3Csvg xmlns%3D'http%3A%2F%2Fwww.w3.org%2F2000%2Fsvg' viewBox%3D'0 0 2000 1334'%2F%3E\" data-src=\"https:\/\/bognaburska.pl\/wp-content\/uploads\/2024\/11\/Division-Galeria-Instytutu-Polskiego-w-Dusseldorfie-2024.jpg\" class=\"lazy-load vc_single_image-img attachment-full\" alt=\"\" title=\"Division Gallery of the Polish Institute in D\u00fcsseldorf 2024\" data-srcset=\"https:\/\/bognaburska.pl\/wp-content\/uploads\/2024\/11\/Division-Galeria-Instytutu-Polskiego-w-Dusseldorfie-2024.jpg 2000w, https:\/\/bognaburska.pl\/wp-content\/uploads\/2024\/11\/Division-Galeria-Instytutu-Polskiego-w-Dusseldorfie-2024-300x200.jpg 300w, https:\/\/bognaburska.pl\/wp-content\/uploads\/2024\/11\/Division-Galeria-Instytutu-Polskiego-w-Dusseldorfie-2024-1024x683.jpg 1024w, https:\/\/bognaburska.pl\/wp-content\/uploads\/2024\/11\/Division-Galeria-Instytutu-Polskiego-w-Dusseldorfie-2024-768x512.jpg 768w, https:\/\/bognaburska.pl\/wp-content\/uploads\/2024\/11\/Division-Galeria-Instytutu-Polskiego-w-Dusseldorfie-2024-1536x1025.jpg 1536w\" sizes=\"(max-width: 2000px) 100vw, 2000px\"  data-dt-location=\"https:\/\/bognaburska.pl\/en\/teksty\/division-galeria-instytutu-polskiego-w-dusseldorfie-2024\/\" \/><\/a>\n\t\t<\/figure>\n\t<\/div>\n\n\t<div class=\"wpb_text_column wpb_content_element\" >\n\t\t<div class=\"wpb_wrapper\">\n\t\t\t<p><em>Division<\/em>\u00a0Polish Institute Gallery, D\u00fcsseldorf<\/p>\n\n\t\t<\/div>\n\t<\/div>\n<div class=\"vc_empty_space\"   style=\"height: 25px\"><span class=\"vc_empty_space_inner\"><\/span><\/div><div class=\"vc_separator wpb_content_element vc_separator_align_center vc_sep_width_100 vc_sep_pos_align_center vc_separator_no_text vc_sep_color_grey wpb_content_element  wpb_content_element\" ><span class=\"vc_sep_holder vc_sep_holder_l\"><span class=\"vc_sep_line\"><\/span><\/span><span class=\"vc_sep_holder vc_sep_holder_r\"><span class=\"vc_sep_line\"><\/span><\/span>\n<\/div><div class=\"vc_empty_space\"   style=\"height: 25px\"><span class=\"vc_empty_space_inner\"><\/span><\/div>\n\t<div class=\"wpb_text_column wpb_content_element\" >\n\t\t<div class=\"wpb_wrapper\">\n\t\t\t<h3>Selected group exhibitions<\/h3>\n<p>&nbsp;<\/p>\n<p>2024 <em>We Want the Whole Life. Feminisms in Polish Art<\/em>, National Art Gallery, Sopot<\/p>\n<p>2024 <em>Review of Polish Video and Photography Art<\/em> Seul Museum of Art, SeMa Nanji Residency \/ Chung-Ang University, CAU Department of Photography, Seoul, South Korea<\/p>\n<p>2023 <em>In the image and likeness<\/em> Galerie Apollonia, Strasbourg<\/p>\n<p>2023 <em>Metropolitan. 10 years of the project<\/em> Academy of Fine Arts in Gda\u0144sk<\/p>\n<p>2022 <em>Sensitive. Female Photographers of the 20th and 21st Centuries from the Collection of the National Museum in Gda\u0144sk<\/em> Gda\u0144sk Gallery of Photography, Green Gate, MN<\/p>\n<p>2022 <em>Secondary Archive<\/em>, Manifesta Biennial, Pristina, Albania \/ 2023 CZKD, Belgrade<\/p>\n<p>2020 <em>Not a Good Time for Love<\/em> Jewish Museum and Tolerance Center, Moscow<\/p>\n<p>2019 <em>Her Own Way. Female Artists and The Moving Image in Art in Poland. From the 1970s to the Present<\/em> Top Museum, Tokyo<\/p>\n<p>2014 <em>Self-organization<\/em> WWB6 Festival, Museum of Modern Art in Warsaw<\/p>\n<p>2013 <em>Cinema After Cinema<\/em>, VideoDumbo Festival, New York<\/p>\n<p>2012 <em>Reality Manifestos \u2013 Can Reality Break Bricks? A Study of D\u00e9tournement as Art Forms<\/em> Kunsthalle Exnergasse, Vienna<\/p>\n<p>2009 <em>Poland transport 2009<\/em> The Building, Berlin<\/p>\n<p>2008 <em>Deca-Dance<\/em> The National Museum of the Republic Cultural Complex, Brasilia<\/p>\n<p>2007 <em>Women in Struggle<\/em> Hi Future, Rio de Janeiro<\/p>\n<p>2006 <em>YOU WON'T FEEL A THING: On Panic, Obsession, Rituality, and Anesthesia<\/em> Kunsthaus Dresden City Gallery for Contemporary Art \/ 2007 Wyspa Institute of Art, Gda\u0144sk<\/p>\n<p>2006 <em>ZOO~ The Power Plant<\/em>, European Center for Contemporary Art, Brussels<\/p>\n<p>2005 <em>Video Showcase #4 \u2013 Wonder Women<\/em> Studio Lipoli&amp;Lopez, Rome<\/p>\n<p>2004 <em>Continental Breakfast<\/em> Planetarium Belgrade (with Nikoleta Markovi\u0107)<\/p>\n<p>2004 <em>Anne, Marie, Madeleine. Polish Contemporary Photography<\/em> Espace Apollonia, Strasbourg \/ 2005 Thessaloniki Museum of Photography \/ National Museum, Szczecin<\/p>\n<p>2004 <em>Under the white and red flag. A new play from Poland<\/em> Estonian Art Museum Exhibition Hall in the Rotermann Salt Storage, Tallinn \/ The Contemporary Art Centre, Vilnius \/ Nizhny Novgorod Branch of the National Centre for Contemporary Arts \u2013 Arsenal \/ Nizhny Tagil Museum of Fine Arts \/ National Centre for Contemporary Arts, Moscow<\/p>\n<p>2003 <em>White Masurian<\/em> Neuer Berliner Kunstverein, Berlin \/ Berlin Art Forum 2003 \/ 2004 Bunkier Sztuki, Krak\u00f3w<\/p>\n<p>2003 <em>Seduced<\/em> Prague Biennale 1<\/p>\n<p>2003 <em>Gentleness<\/em> Center for Contemporary Art, Kyiv<\/p>\n<p>2003 <em>Polish Brand<\/em> Art Moscow 2003, Moscow<\/p>\n<p>2003 <em>Cultural Territories<\/em> (with Ma\u0142gorzata Lisiewicz) Gallery for Contemporary Art, Leipzig<\/p>\n\n\t\t<\/div>\n\t<\/div>\n<\/div><\/div><\/div><\/div>\n<\/div>","protected":false},"excerpt":{"rendered":"<p>Wystawy Wybrane wystawy indywidualne 2026 Liquid Tongues together with Daniel Kotowski, Polish Pavilion at the Venice Biennale 2025 Oddychaj Centrum Sztuki Wsp\u00f3\u0142czesnej \u0141a\u017ania, Gda\u0144sk 2024 Division Galeria Instytutu Polskiego, D\u00fcsseldorf 2022 Watercolors, Galeria Szara, Warszawa 2020\/21 Krew i cukier. Prace 2000-2020\/21, Trafostacja Sztuki, Szczecin, Gda\u0144ska Galeria Miejska 2018 Bunt G\u0142uchych (spektakl i wystawa), Zach\u0119ta Narodowa&hellip;<\/p>","protected":false},"author":1,"featured_media":0,"parent":0,"menu_order":0,"comment_status":"closed","ping_status":"closed","template":"","meta":{"_themeisle_gutenberg_block_has_review":false,"footnotes":""},"class_list":["post-57417","page","type-page","status-publish","hentry","description-off"],"_links":{"self":[{"href":"https:\/\/bognaburska.pl\/en\/wp-json\/wp\/v2\/pages\/57417","targetHints":{"allow":["GET"]}}],"collection":[{"href":"https:\/\/bognaburska.pl\/en\/wp-json\/wp\/v2\/pages"}],"about":[{"href":"https:\/\/bognaburska.pl\/en\/wp-json\/wp\/v2\/types\/page"}],"author":[{"embeddable":true,"href":"https:\/\/bognaburska.pl\/en\/wp-json\/wp\/v2\/users\/1"}],"replies":[{"embeddable":true,"href":"https:\/\/bognaburska.pl\/en\/wp-json\/wp\/v2\/comments?post=57417"}],"version-history":[{"count":27,"href":"https:\/\/bognaburska.pl\/en\/wp-json\/wp\/v2\/pages\/57417\/revisions"}],"predecessor-version":[{"id":58270,"href":"https:\/\/bognaburska.pl\/en\/wp-json\/wp\/v2\/pages\/57417\/revisions\/58270"}],"wp:attachment":[{"href":"https:\/\/bognaburska.pl\/en\/wp-json\/wp\/v2\/media?parent=57417"}],"curies":[{"name":"wp","href":"https:\/\/api.w.org\/{rel}","templated":true}]}}